{"id":12,"date":"2023-09-16T11:26:26","date_gmt":"2023-09-16T09:26:26","guid":{"rendered":"https:\/\/mrceramica.cat\/es\/?page_id=12"},"modified":"2023-09-16T11:26:26","modified_gmt":"2023-09-16T09:26:26","slug":"politica-de-privacidad","status":"publish","type":"page","link":"https:\/\/mrceramica.cat\/es\/politica-de-privacidad\/","title":{"rendered":"Pol\u00edtica de privacidad"},"content":{"rendered":"\n<h3 class=\"wp-block-heading\">Responsable del tratamiento<sup data-fn=\"869c8853-bda6-414c-9432-1c5e3237653a\" class=\"fn\"><a href=\"#869c8853-bda6-414c-9432-1c5e3237653a\" id=\"869c8853-bda6-414c-9432-1c5e3237653a-link\">1<\/a><\/sup><\/h3>\n\n\n\n<pre class=\"wp-block-verse\">MRcer\u00e0mica SCCL\nCarrer Jocs Florals 71, baixos\n08014 Barcelona\n\nCorreu-e: mr@mrceramica.cat\nTel\u00e8fon: +34 633 318 057\nWeb: https:\/\/mrceramica.cat<\/pre>\n\n\n\n<h3 class=\"wp-block-heading\">Finalidad del tratamiento<\/h3>\n\n\n\n<p>Mantener la relaci\u00f3n comercial con clientes y proveedores, y cumplir las obligaciones fiscales y legales.<\/p>\n\n\n\n<p>Los datos se conservar\u00e1n mientras se mantenga la relaci\u00f3n comercial con el cliente o proveedor, o mientras sea necesario a efectos fiscales o legales.<\/p>\n\n\n\n<p>No se elaborar\u00e1n perfiles automatizados a partir de datos personales.<\/p>\n\n\n\n<h3 class=\"wp-block-heading\">Legitimaci\u00f3n<\/h3>\n\n\n\n<p>El tratamiento es necesario para ejecutar un contrato del cual el interesado es parte o para aplicar medidas precontractuales a petici\u00f3n suya.<\/p>\n\n\n\n<p>El tratamiento es necesario para cumplir una obligaci\u00f3n legal aplicable al responsable del tratamiento.<\/p>\n\n\n\n<p>El tratamiento es necesario para satisfacer los intereses leg\u00edtimos del responsable del tratamiento.<\/p>\n\n\n\n<h3 class=\"wp-block-heading\">Destinatarios<\/h3>\n\n\n\n<p>Se prev\u00e9 la cesi\u00f3n de datos \u00fanicamente a gestores administrativos para cumplir las obligaciones fiscales y legales.<\/p>\n\n\n\n<h3 class=\"wp-block-heading\">Derechos de las personas interesadas<\/h3>\n\n\n\n<p>Puede ejercer en todo momento los derechos de acceso, rectificaci\u00f3n, supresi\u00f3n y portabilidad, y limitar o oponerse al tratamiento, si fuera precedente.<\/p>\n\n\n\n<p>Para hacerlo, p\u00f3ngase en contacto con el responsable del tratamiento.<\/p>\n\n\n\n<p>Tambi\u00e9n tiene derecho a reclamar ante la <a href=\"https:\/\/apdcat.gencat.cat\/\">Autoritat Catalana de Protecci\u00f3 de Dades<\/a> o ante cualquier otra autoridad de control de la Uni\u00f3n Europea.<\/p>\n\n\n<ol class=\"wp-block-footnotes\"><li id=\"869c8853-bda6-414c-9432-1c5e3237653a\">Esta p\u00e1gina es una traducci\u00f3n de la p\u00e1gina en catal\u00e1n de la pol\u00edtica de privacidad. Prevalece la versi\u00f3n catalana en caso de discrepancia. <a href=\"#869c8853-bda6-414c-9432-1c5e3237653a-link\" aria-label=\"Saltar a la referencia de la nota 1\">\u21a9\ufe0e<\/a><\/li><\/ol>","protected":false},"excerpt":{"rendered":"<p>Responsable del tratamiento MRcer\u00e0mica SCCL Carrer Jocs Florals 71, baixos 08014 Barcelona Correu-e: mr@mrceramica.cat Tel\u00e8fon: +34 633 318 057 Web: https:\/\/mrceramica.cat Finalidad del tratamiento Mantener la relaci\u00f3n comercial con clientes y proveedores, y cumplir las obligaciones fiscales y legales. Los datos se conservar\u00e1n mientras se mantenga la relaci\u00f3n comercial con el cliente o proveedor, o [&hellip;]<\/p>\n","protected":false},"author":1,"featured_media":0,"parent":0,"menu_order":0,"comment_status":"closed","ping_status":"closed","template":"","meta":{"footnotes":"[{\"content\":\"Esta p\u00e1gina es una traducci\u00f3n de la p\u00e1gina en catal\u00e1n de la pol\u00edtica de privacidad. Prevalece la versi\u00f3n catalana en caso de discrepancia.\",\"id\":\"869c8853-bda6-414c-9432-1c5e3237653a\"}]"},"class_list":["post-12","page","type-page","status-publish","hentry"],"_links":{"self":[{"href":"https:\/\/mrceramica.cat\/es\/wp-json\/wp\/v2\/pages\/12","targetHints":{"allow":["GET"]}}],"collection":[{"href":"https:\/\/mrceramica.cat\/es\/wp-json\/wp\/v2\/pages"}],"about":[{"href":"https:\/\/mrceramica.cat\/es\/wp-json\/wp\/v2\/types\/page"}],"author":[{"embeddable":true,"href":"https:\/\/mrceramica.cat\/es\/wp-json\/wp\/v2\/users\/1"}],"replies":[{"embeddable":true,"href":"https:\/\/mrceramica.cat\/es\/wp-json\/wp\/v2\/comments?post=12"}],"version-history":[{"count":1,"href":"https:\/\/mrceramica.cat\/es\/wp-json\/wp\/v2\/pages\/12\/revisions"}],"predecessor-version":[{"id":13,"href":"https:\/\/mrceramica.cat\/es\/wp-json\/wp\/v2\/pages\/12\/revisions\/13"}],"wp:attachment":[{"href":"https:\/\/mrceramica.cat\/es\/wp-json\/wp\/v2\/media?parent=12"}],"curies":[{"name":"wp","href":"https:\/\/api.w.org\/{rel}","templated":true}]}}