{"id":5,"date":"2023-09-15T02:25:13","date_gmt":"2023-09-15T00:25:13","guid":{"rendered":"https:\/\/mrceramica.cat\/es\/?page_id=5"},"modified":"2024-03-10T00:40:38","modified_gmt":"2024-03-09T22:40:38","slug":"mrceramica","status":"publish","type":"page","link":"https:\/\/mrceramica.cat\/es\/mrceramica\/","title":{"rendered":"MRcer\u00e0mica"},"content":{"rendered":"\n<p>Somos   MRcer\u00e0mica, una cooperativa de ceramistas fundada el 2023. Nuestro   espacio de trabajo es el Taller BISCUIT, donde hacemos producci\u00f3n   artesanal de miniaturas y otras piezas de cer\u00e1mica.<\/p>\n\n\n\n<p>Adem\u00e1s   de los productos de nuestro cat\u00e1logo, nos gusta aceptar encargos y   experimentar para ofrecer piezas personalizadas dentro de nuestra l\u00ednea   de trabajo.<\/p>\n\n\n\n<p>Hacemos  talleres para acercar la cer\u00e1mica a la gente del barrio. Queremos  ofrecer un espacio acogedor donde cualquier persona, sin necesitar  formaci\u00f3n previa, pueda crear, experimentar y materializar sus ideas en  piezas de cer\u00e1mica.<\/p>\n\n\n\n<h2 class=\"wp-block-heading\">Contacto<\/h2>\n\n\n\n<figure class=\"wp-block-table\"><table><tbody><tr><td>WEB<\/td><td><a href=\"https:\/\/mrceramica.cat\/es\">mrceramica.cat<\/a><\/td><\/tr><tr><td>EMAIL<\/td><td><a href=\"mailto:mr@mrceramica.cat\">mr@mrceramica.cat<\/a><\/td><\/tr><tr><td>TEL\u00c9FONO\/WHATSAPP<\/td><td><a href=\"tel:+34 633 318 057\">(+34) 633 318 057<\/a><\/td><\/tr><tr><td>INSTAGRAM<\/td><td><a href=\"https:\/\/www.instagram.com\/taller_biscuit\/\">@taller_biscuit<\/a><\/td><\/tr><tr><td>DIRECCI\u00d3N<\/td><td><a href=\"https:\/\/www.openstreetmap.org\/node\/11366994054\">Carrer dels Jocs Florals 71<\/a>, baixos<br>08014 Barcelona<\/td><\/tr><\/tbody><\/table><\/figure>\n","protected":false},"excerpt":{"rendered":"<p>Somos MRcer\u00e0mica, una cooperativa de ceramistas fundada el 2023. Nuestro espacio de trabajo es el Taller BISCUIT, donde hacemos producci\u00f3n artesanal de miniaturas y otras piezas de cer\u00e1mica. Adem\u00e1s de los productos de nuestro cat\u00e1logo, nos gusta aceptar encargos y experimentar para ofrecer piezas personalizadas dentro de nuestra l\u00ednea de trabajo. Hacemos talleres para acercar [&hellip;]<\/p>\n","protected":false},"author":1,"featured_media":0,"parent":0,"menu_order":0,"comment_status":"closed","ping_status":"closed","template":"","meta":{"footnotes":""},"class_list":["post-5","page","type-page","status-publish","hentry"],"_links":{"self":[{"href":"https:\/\/mrceramica.cat\/es\/wp-json\/wp\/v2\/pages\/5","targetHints":{"allow":["GET"]}}],"collection":[{"href":"https:\/\/mrceramica.cat\/es\/wp-json\/wp\/v2\/pages"}],"about":[{"href":"https:\/\/mrceramica.cat\/es\/wp-json\/wp\/v2\/types\/page"}],"author":[{"embeddable":true,"href":"https:\/\/mrceramica.cat\/es\/wp-json\/wp\/v2\/users\/1"}],"replies":[{"embeddable":true,"href":"https:\/\/mrceramica.cat\/es\/wp-json\/wp\/v2\/comments?post=5"}],"version-history":[{"count":5,"href":"https:\/\/mrceramica.cat\/es\/wp-json\/wp\/v2\/pages\/5\/revisions"}],"predecessor-version":[{"id":1050,"href":"https:\/\/mrceramica.cat\/es\/wp-json\/wp\/v2\/pages\/5\/revisions\/1050"}],"wp:attachment":[{"href":"https:\/\/mrceramica.cat\/es\/wp-json\/wp\/v2\/media?parent=5"}],"curies":[{"name":"wp","href":"https:\/\/api.w.org\/{rel}","templated":true}]}}